{"id":2968,"date":"2024-03-27T16:55:56","date_gmt":"2024-03-27T16:55:56","guid":{"rendered":"https:\/\/demo.webdevia.com\/cabinets-kitchen-bathroom-vanities-store-wordpress-theme\/?page_id=2968"},"modified":"2025-08-14T09:03:58","modified_gmt":"2025-08-14T09:03:58","slug":"filozofia","status":"publish","type":"page","link":"https:\/\/meble.zetbeer.pl\/index.php\/filozofia\/","title":{"rendered":"rzemios\u0142o i technologie"},"content":{"rendered":"\n<div class=\"wp-block-group has-global-padding is-content-justification-left is-layout-constrained wp-container-core-group-is-layout-f88c4225 wp-block-group-is-layout-constrained\">\n<h3 class=\"wp-block-heading\" style=\"line-height:1.2\">styl z natury &#8211; zetbeer Meble<\/h3>\n\n\n\n<p style=\"margin-top:var(--wp--preset--spacing--20)\">to dla nas co\u015b wi\u0119cej ni\u017c slogan \u2013 to spos\u00f3b patrzenia na \u015bwiat, projektowania i tworzenia mebli. Wierzymy, \u017ce najlepsze inspiracje p\u0142yn\u0105 z natury: z ciep\u0142a drewna, harmonii jego s\u0142oj\u00f3w, z dotyku naturalnych materia\u0142\u00f3w i z ich niepowtarzalnych kszta\u0142t\u00f3w.<br>Ka\u017cdy projekt to po\u0142\u0105czenie tego, co pierwotne i autentyczne, z tym, co precyzyjne i nowoczesne.<\/p>\n<\/div>\n\n\n\n<p style=\"padding-top:var(--wp--preset--spacing--50);padding-bottom:var(--wp--preset--spacing--50)\"><\/p>\n\n\n\n<div class=\"wp-block-columns is-layout-flex wp-container-core-columns-is-layout-28f84493 wp-block-columns-is-layout-flex\">\n<div class=\"wp-block-column is-layout-flow wp-block-column-is-layout-flow\" style=\"flex-basis:50%\">\n<figure class=\"wp-block-image size-full\"><img loading=\"lazy\" decoding=\"async\" width=\"2275\" height=\"1515\" src=\"http:\/\/meble.zetbeer.pl\/wp-content\/uploads\/2025\/08\/jpeg-optimizer_andrey-haimin-q2Fyzn-KJOQ-unsplash.jpg\" alt=\"rzem3\" class=\"wp-image-3231\" style=\"aspect-ratio:1;object-fit:cover\" srcset=\"https:\/\/meble.zetbeer.pl\/wp-content\/uploads\/2025\/08\/jpeg-optimizer_andrey-haimin-q2Fyzn-KJOQ-unsplash.jpg 2275w, https:\/\/meble.zetbeer.pl\/wp-content\/uploads\/2025\/08\/jpeg-optimizer_andrey-haimin-q2Fyzn-KJOQ-unsplash-300x200.jpg 300w, https:\/\/meble.zetbeer.pl\/wp-content\/uploads\/2025\/08\/jpeg-optimizer_andrey-haimin-q2Fyzn-KJOQ-unsplash-1024x682.jpg 1024w, https:\/\/meble.zetbeer.pl\/wp-content\/uploads\/2025\/08\/jpeg-optimizer_andrey-haimin-q2Fyzn-KJOQ-unsplash-768x511.jpg 768w, https:\/\/meble.zetbeer.pl\/wp-content\/uploads\/2025\/08\/jpeg-optimizer_andrey-haimin-q2Fyzn-KJOQ-unsplash-1536x1023.jpg 1536w, https:\/\/meble.zetbeer.pl\/wp-content\/uploads\/2025\/08\/jpeg-optimizer_andrey-haimin-q2Fyzn-KJOQ-unsplash-2048x1364.jpg 2048w, https:\/\/meble.zetbeer.pl\/wp-content\/uploads\/2025\/08\/jpeg-optimizer_andrey-haimin-q2Fyzn-KJOQ-unsplash-600x400.jpg 600w\" sizes=\"auto, (max-width: 2275px) 100vw, 2275px\" \/><\/figure>\n<\/div>\n\n\n\n<div class=\"wp-block-column is-layout-flow wp-block-column-is-layout-flow\">\n<div style=\"height:50px\" aria-hidden=\"true\" class=\"wp-block-spacer\"><\/div>\n\n\n\n<h2 class=\"wp-block-heading m-0_mobile has-text-color has-background\" style=\"color:#0c1a13;background:linear-gradient(90deg,rgb(241,243,247) 0%,rgba(255,255,255,0) 100%);margin-top:0px;margin-right:0px;margin-bottom:0px;margin-left:-150px;padding-top:var(--wp--preset--spacing--60);padding-right:var(--wp--preset--spacing--60);padding-bottom:var(--wp--preset--spacing--60);padding-left:var(--wp--preset--spacing--60)\">naturalno\u015b\u0107 w ka\u017cdym detalu<\/h2>\n\n\n\n<p class=\"has-medium-font-size\">Drewno to materia\u0142, kt\u00f3ry \u017cyje. Ka\u017cda deska ma sw\u00f3j rysunek, faktur\u0119, histori\u0119. Dlatego traktujemy je z szacunkiem \u2013 tak, by wydoby\u0107 jego charakter, a nie go ukrywa\u0107. Wybieramy materia\u0142y, kt\u00f3re najlepiej oddadz\u0105 klimat wn\u0119trza, jakie marzy si\u0119 naszemu klientowi \u2013 od szlachetnych gatunk\u00f3w drewna, przez fornir, po nowoczesne laminaty czy spieki.<br>Nie narzucamy jednego stylu \u2013 dopasowujemy si\u0119 do przestrzeni, <br>w kt\u00f3rej mebel ma sta\u0107 si\u0119 cz\u0119\u015bci\u0105 codziennego \u017cycia.<\/p>\n\n\n\n<p class=\"has-medium-font-size\"><\/p>\n<\/div>\n<\/div>\n\n\n\n<div class=\"wp-block-columns is-layout-flex wp-container-core-columns-is-layout-28f84493 wp-block-columns-is-layout-flex\">\n<div class=\"wp-block-column is-layout-flow wp-block-column-is-layout-flow\">\n<h2 class=\"wp-block-heading m-0_mobile has-text-color has-background\" style=\"color:#0c1a13;background:linear-gradient(270deg,rgb(241,243,247) 0%,rgba(242,244,247,0) 100%);margin-top:32px;margin-right:-150px;margin-bottom:0px;margin-left:173px;padding-top:var(--wp--preset--spacing--60);padding-right:var(--wp--preset--spacing--60);padding-bottom:var(--wp--preset--spacing--60);padding-left:var(--wp--preset--spacing--60)\">rzemios\u0142o wsparte technologi\u0105<\/h2>\n\n\n\n<div style=\"height:50px\" aria-hidden=\"true\" class=\"wp-block-spacer\"><\/div>\n\n\n\n<p class=\"has-medium-font-size\">Mamy serce rzemie\u015blnik\u00f3w, ale pracujemy z precyzj\u0105 in\u017cynier\u00f3w.<br>W naszym parku maszynowym znajdziesz m.in. <strong>pi\u0119cioosiowe CNC<\/strong>, <strong>CNC boczne<\/strong>, <strong>nesting<\/strong>, nowoczesne centra obr\u00f3bcze i urz\u0105dzenia, kt\u00f3re pozwalaj\u0105 nam realizowa\u0107 projekty z dok\u0142adno\u015bci\u0105 co do milimetra.<br>Dzi\u0119ki temu mo\u017cemy tworzy\u0107 meble:<\/p>\n\n\n\n<ul class=\"wp-block-list\">\n<li>w dowolnym materiale, jaki wybierze klient,<\/li>\n\n\n\n<li>w idealnym dopasowaniu do wymiar\u00f3w wn\u0119trza,<\/li>\n\n\n\n<li>z powtarzaln\u0105 jako\u015bci\u0105, kt\u00f3ra zachwyca zar\u00f3wno dzi\u015b, jak i po latach.<\/li>\n<\/ul>\n\n\n\n<p class=\"has-medium-font-size\">Technologia u nas nie zast\u0119puje rzemios\u0142a \u2013 ona je wspiera. To narz\u0119dzie, kt\u00f3re pozwala nam przenie\u015b\u0107 wyobra\u017cenia klienta w rzeczywisto\u015b\u0107 bez kompromis\u00f3w.<\/p>\n<\/div>\n\n\n\n<div class=\"wp-block-column is-layout-flow wp-block-column-is-layout-flow\" style=\"flex-basis:50%\">\n<figure class=\"wp-block-image size-full has-custom-border\" style=\"margin-top:0;margin-right:0;margin-bottom:0;margin-left:0\"><img loading=\"lazy\" decoding=\"async\" width=\"2560\" height=\"2014\" src=\"http:\/\/meble.zetbeer.pl\/wp-content\/uploads\/2025\/08\/jpeg-optimizer_museums-victoria-U01ptiZV3Uo-unsplash-scaled.jpg\" alt=\"rzem2\" class=\"wp-image-3230\" style=\"border-style:none;border-width:0px;border-radius:0px;aspect-ratio:1;object-fit:cover\" srcset=\"https:\/\/meble.zetbeer.pl\/wp-content\/uploads\/2025\/08\/jpeg-optimizer_museums-victoria-U01ptiZV3Uo-unsplash-scaled.jpg 2560w, https:\/\/meble.zetbeer.pl\/wp-content\/uploads\/2025\/08\/jpeg-optimizer_museums-victoria-U01ptiZV3Uo-unsplash-300x236.jpg 300w, https:\/\/meble.zetbeer.pl\/wp-content\/uploads\/2025\/08\/jpeg-optimizer_museums-victoria-U01ptiZV3Uo-unsplash-1024x806.jpg 1024w, https:\/\/meble.zetbeer.pl\/wp-content\/uploads\/2025\/08\/jpeg-optimizer_museums-victoria-U01ptiZV3Uo-unsplash-768x604.jpg 768w, https:\/\/meble.zetbeer.pl\/wp-content\/uploads\/2025\/08\/jpeg-optimizer_museums-victoria-U01ptiZV3Uo-unsplash-1536x1208.jpg 1536w, https:\/\/meble.zetbeer.pl\/wp-content\/uploads\/2025\/08\/jpeg-optimizer_museums-victoria-U01ptiZV3Uo-unsplash-2048x1611.jpg 2048w, https:\/\/meble.zetbeer.pl\/wp-content\/uploads\/2025\/08\/jpeg-optimizer_museums-victoria-U01ptiZV3Uo-unsplash-600x472.jpg 600w\" sizes=\"auto, (max-width: 2560px) 100vw, 2560px\" \/><\/figure>\n<\/div>\n<\/div>\n\n\n\n<div class=\"wp-block-columns is-layout-flex wp-container-core-columns-is-layout-28f84493 wp-block-columns-is-layout-flex\">\n<div class=\"wp-block-column is-layout-flow wp-block-column-is-layout-flow\" style=\"flex-basis:50%\">\n<figure class=\"wp-block-image size-full\"><img loading=\"lazy\" decoding=\"async\" width=\"2560\" height=\"1440\" src=\"http:\/\/meble.zetbeer.pl\/wp-content\/uploads\/2025\/08\/jpeg-optimizer_daniel-mccullough-HtBlQdxfG9k-unsplash-scaled.jpg\" alt=\"rzem1\" class=\"wp-image-3229\" style=\"aspect-ratio:1;object-fit:cover\" srcset=\"https:\/\/meble.zetbeer.pl\/wp-content\/uploads\/2025\/08\/jpeg-optimizer_daniel-mccullough-HtBlQdxfG9k-unsplash-scaled.jpg 2560w, https:\/\/meble.zetbeer.pl\/wp-content\/uploads\/2025\/08\/jpeg-optimizer_daniel-mccullough-HtBlQdxfG9k-unsplash-300x169.jpg 300w, https:\/\/meble.zetbeer.pl\/wp-content\/uploads\/2025\/08\/jpeg-optimizer_daniel-mccullough-HtBlQdxfG9k-unsplash-1024x576.jpg 1024w, https:\/\/meble.zetbeer.pl\/wp-content\/uploads\/2025\/08\/jpeg-optimizer_daniel-mccullough-HtBlQdxfG9k-unsplash-768x432.jpg 768w, https:\/\/meble.zetbeer.pl\/wp-content\/uploads\/2025\/08\/jpeg-optimizer_daniel-mccullough-HtBlQdxfG9k-unsplash-1536x864.jpg 1536w, https:\/\/meble.zetbeer.pl\/wp-content\/uploads\/2025\/08\/jpeg-optimizer_daniel-mccullough-HtBlQdxfG9k-unsplash-2048x1152.jpg 2048w, https:\/\/meble.zetbeer.pl\/wp-content\/uploads\/2025\/08\/jpeg-optimizer_daniel-mccullough-HtBlQdxfG9k-unsplash-600x337.jpg 600w\" sizes=\"auto, (max-width: 2560px) 100vw, 2560px\" \/><\/figure>\n<\/div>\n\n\n\n<div class=\"wp-block-column is-layout-flow wp-block-column-is-layout-flow\">\n<div style=\"height:50px\" aria-hidden=\"true\" class=\"wp-block-spacer\"><\/div>\n\n\n\n<h2 class=\"wp-block-heading m-0_mobile has-text-color has-background\" style=\"color:#0c1a13;background:linear-gradient(90deg,rgb(241,243,247) 0%,rgba(242,244,247,0) 100%);margin-top:0px;margin-right:0px;margin-bottom:0px;margin-left:-150px;padding-top:var(--wp--preset--spacing--60);padding-right:var(--wp--preset--spacing--60);padding-bottom:var(--wp--preset--spacing--60);padding-left:var(--wp--preset--spacing--60)\">indywidualne podej\u015bcie<\/h2>\n\n\n\n<p class=\"has-medium-font-size\">Ka\u017cdy projekt zaczynamy od rozmowy \u2013 ws\u0142uchujemy si\u0119 w potrzeby, analizujemy przestrze\u0144, szukamy inspiracji. Tworzymy rozwi\u0105zania, kt\u00f3re nie tylko wygl\u0105daj\u0105 pi\u0119knie, ale przede wszystkim s\u0142u\u017c\u0105 u\u017cytkownikowi przez lata.<br>To meble, kt\u00f3re pasuj\u0105 <strong>do cz\u0142owieka<\/strong>, a nie odwrotnie.<\/p>\n<\/div>\n<\/div>\n\n\n\n<div class=\"wp-block-columns is-layout-flex wp-container-core-columns-is-layout-28f84493 wp-block-columns-is-layout-flex\">\n<div class=\"wp-block-column is-layout-flow wp-block-column-is-layout-flow\">\n<h2 class=\"wp-block-heading has-text-align-left m-0_mobile has-text-color has-background\" style=\"color:#0c1a13;background:linear-gradient(270deg,rgb(241,243,247) 0%,rgba(242,244,247,0) 100%);margin-top:51px;margin-right:-150px;margin-bottom:0px;margin-left:173px;padding-top:var(--wp--preset--spacing--60);padding-right:var(--wp--preset--spacing--60);padding-bottom:var(--wp--preset--spacing--60);padding-left:var(--wp--preset--spacing--60)\">natura, technologia, pasja<\/h2>\n\n\n\n<div style=\"height:50px\" aria-hidden=\"true\" class=\"wp-block-spacer\"><\/div>\n\n\n\n<p class=\"has-medium-font-size\">W ZetbeerMeble \u0142\u0105czymy:<\/p>\n\n\n\n<ul class=\"wp-block-list\">\n<li><strong>szacunek do natury<\/strong> \u2013 poprzez wyb\u00f3r materia\u0142\u00f3w i spos\u00f3b ich obr\u00f3bki,<\/li>\n\n\n\n<li><strong>mistrzostwo rzemios\u0142a<\/strong> \u2013 zakorzenione w tradycji stolarskiej,<\/li>\n\n\n\n<li><strong>nowoczesn\u0105 technologi\u0119<\/strong> \u2013 pozwalaj\u0105c\u0105 tworzy\u0107 formy, kt\u00f3re kiedy\u015b by\u0142y niemo\u017cliwe.<\/li>\n<\/ul>\n\n\n\n<p class=\"has-medium-font-size\">Tak powstaj\u0105 meble, kt\u00f3re s\u0105 nie tylko wyposa\u017ceniem wn\u0119trza, <br>ale te\u017c jego sercem.<br><strong>Styl z natury ZetbeerMeble<\/strong> \u2013 bo pi\u0119kno zaczyna si\u0119 od autentyczno\u015bci.<\/p>\n<\/div>\n\n\n\n<div class=\"wp-block-column is-layout-flow wp-block-column-is-layout-flow\" style=\"flex-basis:50%\">\n<figure class=\"wp-block-image size-full has-custom-border\" style=\"margin-top:0;margin-right:0;margin-bottom:0;margin-left:0\"><img loading=\"lazy\" decoding=\"async\" width=\"2560\" height=\"1705\" src=\"http:\/\/meble.zetbeer.pl\/wp-content\/uploads\/2025\/08\/jpeg-optimizer_clay-banks-haJdK-oucKg-unsplash-scaled.jpg\" alt=\"asd5\" class=\"wp-image-3228\" style=\"border-style:none;border-width:0px;border-radius:0px;aspect-ratio:1;object-fit:cover\" srcset=\"https:\/\/meble.zetbeer.pl\/wp-content\/uploads\/2025\/08\/jpeg-optimizer_clay-banks-haJdK-oucKg-unsplash-scaled.jpg 2560w, https:\/\/meble.zetbeer.pl\/wp-content\/uploads\/2025\/08\/jpeg-optimizer_clay-banks-haJdK-oucKg-unsplash-300x200.jpg 300w, https:\/\/meble.zetbeer.pl\/wp-content\/uploads\/2025\/08\/jpeg-optimizer_clay-banks-haJdK-oucKg-unsplash-1024x682.jpg 1024w, https:\/\/meble.zetbeer.pl\/wp-content\/uploads\/2025\/08\/jpeg-optimizer_clay-banks-haJdK-oucKg-unsplash-768x512.jpg 768w, https:\/\/meble.zetbeer.pl\/wp-content\/uploads\/2025\/08\/jpeg-optimizer_clay-banks-haJdK-oucKg-unsplash-1536x1023.jpg 1536w, https:\/\/meble.zetbeer.pl\/wp-content\/uploads\/2025\/08\/jpeg-optimizer_clay-banks-haJdK-oucKg-unsplash-2048x1364.jpg 2048w, https:\/\/meble.zetbeer.pl\/wp-content\/uploads\/2025\/08\/jpeg-optimizer_clay-banks-haJdK-oucKg-unsplash-600x400.jpg 600w\" sizes=\"auto, (max-width: 2560px) 100vw, 2560px\" \/><\/figure>\n<\/div>\n<\/div>\n\n\n\n<div class=\"wp-block-columns is-layout-flex wp-container-core-columns-is-layout-28f84493 wp-block-columns-is-layout-flex\">\n<div class=\"wp-block-column is-layout-flow wp-block-column-is-layout-flow\" style=\"flex-basis:50%\">\n<figure class=\"wp-block-image size-full\"><img loading=\"lazy\" decoding=\"async\" width=\"2560\" height=\"1706\" src=\"http:\/\/meble.zetbeer.pl\/wp-content\/uploads\/2025\/08\/jpeg-optimizer_pexels-jhonny-mages-2149929716-30990853-scaled.jpg\" alt=\"hala\" class=\"wp-image-3375\" style=\"aspect-ratio:1;object-fit:cover\" srcset=\"https:\/\/meble.zetbeer.pl\/wp-content\/uploads\/2025\/08\/jpeg-optimizer_pexels-jhonny-mages-2149929716-30990853-scaled.jpg 2560w, https:\/\/meble.zetbeer.pl\/wp-content\/uploads\/2025\/08\/jpeg-optimizer_pexels-jhonny-mages-2149929716-30990853-300x200.jpg 300w, https:\/\/meble.zetbeer.pl\/wp-content\/uploads\/2025\/08\/jpeg-optimizer_pexels-jhonny-mages-2149929716-30990853-1024x683.jpg 1024w, https:\/\/meble.zetbeer.pl\/wp-content\/uploads\/2025\/08\/jpeg-optimizer_pexels-jhonny-mages-2149929716-30990853-768x512.jpg 768w, https:\/\/meble.zetbeer.pl\/wp-content\/uploads\/2025\/08\/jpeg-optimizer_pexels-jhonny-mages-2149929716-30990853-1536x1024.jpg 1536w, https:\/\/meble.zetbeer.pl\/wp-content\/uploads\/2025\/08\/jpeg-optimizer_pexels-jhonny-mages-2149929716-30990853-2048x1365.jpg 2048w, https:\/\/meble.zetbeer.pl\/wp-content\/uploads\/2025\/08\/jpeg-optimizer_pexels-jhonny-mages-2149929716-30990853-600x400.jpg 600w\" sizes=\"auto, (max-width: 2560px) 100vw, 2560px\" \/><\/figure>\n<\/div>\n\n\n\n<div class=\"wp-block-column is-layout-flow wp-block-column-is-layout-flow\">\n<div style=\"height:50px\" aria-hidden=\"true\" class=\"wp-block-spacer\"><\/div>\n\n\n\n<h2 class=\"wp-block-heading m-0_mobile has-text-color has-background\" style=\"color:#0c1a13;background:linear-gradient(90deg,rgb(241,243,247) 0%,rgba(242,244,247,0) 100%);margin-top:0px;margin-right:0px;margin-bottom:0px;margin-left:-150px;padding-top:var(--wp--preset--spacing--60);padding-right:var(--wp--preset--spacing--60);padding-bottom:var(--wp--preset--spacing--60);padding-left:var(--wp--preset--spacing--60)\"><strong>precyzja projektowania<\/strong><\/h2>\n\n\n\n<p class=\"has-medium-font-size\">W Zetbeer nowoczesno\u015b\u0107 zaczyna si\u0119 ju\u017c na etapie projektu. Ka\u017cdy mebel powstaje najpierw w komputerze \u2013 modelujemy go w specjalistycznym oprogramowaniu, dopracowuj\u0105c ka\u017cdy detal co do milimetra. Dzi\u0119ki temu od pierwszej wizualizacji wiemy, jak b\u0119dzie wygl\u0105da\u0142 w Twoim wn\u0119trzu. Nast\u0119pnie projekt trafia do naszego parku maszynowego, gdzie pi\u0119cioosiowe CNC, CNC boczne, nesting, pi\u0142a panelowa, okleiniarka i inne urz\u0105dzenia realizuj\u0105 go z idealn\u0105 precyzj\u0105. Po\u0142\u0105czenie cyfrowego projektowania z zaawansowan\u0105 technologi\u0105 sprawia, \u017ce mo\u017cemy tworzy\u0107 formy i detale, kt\u00f3re kiedy\u015b by\u0142y niemo\u017cliwe \u2013 zawsze perfekcyjnie dopasowane do przestrzeni i Twoich oczekiwa\u0144.<\/p>\n<\/div>\n<\/div>\n\n\n\n<div style=\"height:3vw\" aria-hidden=\"true\" class=\"wp-block-spacer\"><\/div>\n\n\n\n<div class=\"wp-block-group alignfull has-gray-2-background-color has-background has-global-padding is-layout-constrained wp-block-group-is-layout-constrained\" style=\"margin-bottom:-1.5em;padding-top:4vw;padding-bottom:4vw\">\n<div class=\"wp-block-columns is-layout-flex wp-container-core-columns-is-layout-28f84493 wp-block-columns-is-layout-flex\">\n<div class=\"wp-block-column is-layout-flow wp-block-column-is-layout-flow\" style=\"flex-basis:90%\">\n<div class=\"wp-block-group has-global-padding is-content-justification-left is-layout-constrained wp-container-core-group-is-layout-12dd3699 wp-block-group-is-layout-constrained\">\n<p class=\"wp-block-heading swiper-slide has-text-color has-dm-sans-font-family has-medium-font-size\" style=\"color:#6b7177;font-style:normal;font-weight:500;text-transform:uppercase\">Zr\u00f3bmy razem co\u015b wyj\u0105tkowego.<\/p>\n\n\n\n<h2 class=\"wp-block-heading swiper-slide has-text-color\" style=\"color:#0c1a13;margin-top:var(--wp--preset--spacing--20)\">opowiedz nam o swoim wymarzonym wn\u0119trzu.<\/h2>\n\n\n\n<p><strong>Wierzymy w partnersk\u0105 i otwart\u0105 wsp\u00f3\u0142prac\u0119, dzi\u0119ki kt\u00f3rej Twoja wizja staje si\u0119 rzeczywisto\u015bci\u0105.<\/strong> Ka\u017cdy mebel projektujemy tak, aby by\u0142 jedyny w swoim rodzaju \u2013 dopasowany do Ciebie, Twojego stylu i przestrzeni, w kt\u00f3rej b\u0119dzie \u017cy\u0142.<br>\u0141\u0105czymy naturalne pi\u0119kno drewna z precyzj\u0105 nowoczesnych technologii, aby dostarczy\u0107 efekt, kt\u00f3ry zachwyci Ci\u0119 od pierwszego spojrzenia i b\u0119dzie cieszy\u0142 przez lata.<\/p>\n<\/div>\n<\/div>\n\n\n\n<div class=\"wp-block-column is-vertically-aligned-center is-layout-flow wp-block-column-is-layout-flow\" style=\"flex-basis:50%\">\n<div class=\"wp-block-buttons is-content-justification-right is-layout-flex wp-container-core-buttons-is-layout-d445cf74 wp-block-buttons-is-layout-flex\">\n<div class=\"wp-block-button\"><a class=\"wp-block-button__link wp-element-button\" href=\"https:\/\/meble.zetbeer.pl\/index.php\/kontakt\/\">skontaktuj si\u0119 z nami!<\/a><\/div>\n<\/div>\n\n\n\n<div style=\"height:20px\" aria-hidden=\"true\" class=\"wp-block-spacer swiper-slide\"><\/div>\n<\/div>\n<\/div>\n<\/div>\n","protected":false},"excerpt":{"rendered":"<p>styl z natury &#8211; zetbeer Meble to dla nas co\u015b wi\u0119cej ni\u017c slogan \u2013 to spos\u00f3b patrzenia na \u015bwiat, projektowania i tworzenia mebli. Wierzymy, \u017ce najlepsze inspiracje p\u0142yn\u0105 z natury: z ciep\u0142a drewna, harmonii jego s\u0142oj\u00f3w, z dotyku naturalnych materia\u0142\u00f3w i z ich niepowtarzalnych kszta\u0142t\u00f3w.Ka\u017cdy projekt to po\u0142\u0105czenie tego, co pierwotne i autentyczne, z tym, [&hellip;]<\/p>\n","protected":false},"author":1,"featured_media":0,"parent":0,"menu_order":0,"comment_status":"closed","ping_status":"closed","template":"","meta":{"_custom_body_classes":"","wd_custom_header_options":"","wd_sticky_header":false,"wd_transparent_header":false,"wd_header_cap":false,"footnotes":""},"class_list":["post-2968","page","type-page","status-publish","hentry"],"_links":{"self":[{"href":"https:\/\/meble.zetbeer.pl\/index.php\/wp-json\/wp\/v2\/pages\/2968","targetHints":{"allow":["GET"]}}],"collection":[{"href":"https:\/\/meble.zetbeer.pl\/index.php\/wp-json\/wp\/v2\/pages"}],"about":[{"href":"https:\/\/meble.zetbeer.pl\/index.php\/wp-json\/wp\/v2\/types\/page"}],"author":[{"embeddable":true,"href":"https:\/\/meble.zetbeer.pl\/index.php\/wp-json\/wp\/v2\/users\/1"}],"replies":[{"embeddable":true,"href":"https:\/\/meble.zetbeer.pl\/index.php\/wp-json\/wp\/v2\/comments?post=2968"}],"version-history":[{"count":9,"href":"https:\/\/meble.zetbeer.pl\/index.php\/wp-json\/wp\/v2\/pages\/2968\/revisions"}],"predecessor-version":[{"id":3377,"href":"https:\/\/meble.zetbeer.pl\/index.php\/wp-json\/wp\/v2\/pages\/2968\/revisions\/3377"}],"wp:attachment":[{"href":"https:\/\/meble.zetbeer.pl\/index.php\/wp-json\/wp\/v2\/media?parent=2968"}],"curies":[{"name":"wp","href":"https:\/\/api.w.org\/{rel}","templated":true}]}}