{"id":338,"date":"2020-07-24T17:07:39","date_gmt":"2020-07-24T17:07:39","guid":{"rendered":"http:\/\/themes.webdevia.com\/bathrooms-wordpress-theme\/kitchens-demo\/?page_id=338"},"modified":"2026-01-09T08:34:46","modified_gmt":"2026-01-09T08:34:46","slug":"kontakt","status":"publish","type":"page","link":"https:\/\/meble.zetbeer.pl\/index.php\/kontakt\/","title":{"rendered":"kontakt"},"content":{"rendered":"\n<div class=\"wp-block-columns is-layout-flex wp-container-core-columns-is-layout-28f84493 wp-block-columns-is-layout-flex\">\n<div class=\"wp-block-column is-layout-flow wp-block-column-is-layout-flow\"><\/div>\n<\/div>\n\n\n\n<div class=\"wp-block-group has-global-padding is-layout-constrained wp-block-group-is-layout-constrained\" style=\"padding-bottom:var(--wp--preset--spacing--60)\">\n<div class=\"wp-block-columns is-layout-flex wp-container-core-columns-is-layout-643ced6b wp-block-columns-is-layout-flex\">\n<div class=\"wp-block-column is-layout-flow wp-block-column-is-layout-flow\">\n<h3 class=\"wp-block-heading\">skontaktuj si\u0119 z nami!<\/h3>\n\n\n\n<p style=\"margin-top:var(--wp--preset--spacing--20)\">Dzi\u0119kujemy za zainteresowanie naszymi us\u0142ugami!<br>Je\u015bli masz pytania lub chcesz um\u00f3wi\u0107 si\u0119 na realizacj\u0119, skontaktuj si\u0119 z nami bez wahania.<br>Nasz zesp\u00f3\u0142 jest gotowy, by zapewni\u0107 Ci najwy\u017cszy poziom obs\u0142ugi i wsparcia, a tak\u017ce wsp\u00f3\u0142pracowa\u0107 z Tob\u0105, by Tw\u00f3j projekt zako\u0144czy\u0142 si\u0119 sukcesem.<\/p>\n\n\n\n<p style=\"margin-top:var(--wp--preset--spacing--20)\"><\/p>\n\n\n\n<div class=\"wp-block-webdevia-text-with-icon wp-block-webdevia-text-with-icon__position-left\" style=\"margin-top:var(--wp--preset--spacing--60);text-align:left;align-items:flex-start\"><div class=\"wp-block-webdevia-text-with-icon__icon\" style=\"width:60px\"><img loading=\"lazy\" decoding=\"async\" src=\"https:\/\/demo.webdevia.com\/uspace-locations-and-venues-listing-wordpress-theme\/wp-content\/uploads\/2023\/03\/untitled-25.png\" alt=\"adres email\" width=\"60\" height=\"60\"\/><\/div><div class=\"wp-block-webdevia-text-with-icon__info\"><div class=\"wp-block-webdevia-text-with-icon__info__title wp-block-webdevia-text-with-icon__info__title__position-left\" style=\"display:block\"><h6 class=\"wp-block-webdevia-text-with-icon__info__title__text\">adres email<\/h6><\/div><p class=\"wp-block-webdevia-text-with-icon__info__text\" style=\"margin-inline-start:0\"><a href=\"mailto:meble@zetbeer.pl\">meble@zetbeer.pl<\/a><\/p><\/div><\/div>\n\n\n\n<div class=\"wp-block-webdevia-text-with-icon wp-block-webdevia-text-with-icon__position-left\" style=\"text-align:left;align-items:flex-start\"><div class=\"wp-block-webdevia-text-with-icon__icon\" style=\"width:60px\"><img loading=\"lazy\" decoding=\"async\" src=\"https:\/\/demo.webdevia.com\/uspace-locations-and-venues-listing-wordpress-theme\/wp-content\/uploads\/2023\/03\/untitled-24.png\" alt=\"numer telefonu\" width=\"60\" height=\"60\"\/><\/div><div class=\"wp-block-webdevia-text-with-icon__info\"><div class=\"wp-block-webdevia-text-with-icon__info__title wp-block-webdevia-text-with-icon__info__title__position-left\" style=\"display:block\"><h6 class=\"wp-block-webdevia-text-with-icon__info__title__text\">numer telefonu<\/h6><\/div><p class=\"wp-block-webdevia-text-with-icon__info__text\" style=\"margin-inline-start:0\"><a href=\"tel:48600021888\">+48 600 021 888<\/a> &#8211; Maciej Chwirot<\/p><\/div><\/div>\n\n\n\n<div class=\"wp-block-webdevia-text-with-icon wp-block-webdevia-text-with-icon__position-left\" style=\"text-align:left;align-items:flex-start\"><div class=\"wp-block-webdevia-text-with-icon__icon\" style=\"width:60px\"><img loading=\"lazy\" decoding=\"async\" src=\"https:\/\/demo.webdevia.com\/uspace-locations-and-venues-listing-wordpress-theme\/wp-content\/uploads\/2023\/03\/untitled-23.png\" alt=\"Nasz adres\" width=\"60\" height=\"60\"\/><\/div><div class=\"wp-block-webdevia-text-with-icon__info\"><div class=\"wp-block-webdevia-text-with-icon__info__title wp-block-webdevia-text-with-icon__info__title__position-left\" style=\"display:block\"><h6 class=\"wp-block-webdevia-text-with-icon__info__title__text\">Nasz adres<\/h6><\/div><p class=\"wp-block-webdevia-text-with-icon__info__text\" style=\"margin-inline-start:0\">G\u00f3ra 24D, Sierak\u00f3w 64-410<\/p><\/div><\/div>\n<\/div>\n\n\n\n<div class=\"wp-block-column is-layout-flow wp-block-column-is-layout-flow\">\n<div class=\"wp-block-contact-form-7-contact-form-selector\">\n<div class=\"wpcf7 no-js\" id=\"wpcf7-f3196-o1\" lang=\"en-US\" dir=\"ltr\" data-wpcf7-id=\"3196\">\n<div class=\"screen-reader-response\"><p role=\"status\" aria-live=\"polite\" aria-atomic=\"true\"><\/p> <ul><\/ul><\/div>\n<form action=\"\/index.php\/wp-json\/wp\/v2\/pages\/338#wpcf7-f3196-o1\" method=\"post\" class=\"wpcf7-form init\" aria-label=\"Contact form\" enctype=\"multipart\/form-data\" novalidate=\"novalidate\" data-status=\"init\">\n<fieldset class=\"hidden-fields-container\"><input type=\"hidden\" name=\"_wpcf7\" value=\"3196\" \/><input type=\"hidden\" name=\"_wpcf7_version\" value=\"6.1.5\" \/><input type=\"hidden\" name=\"_wpcf7_locale\" value=\"en_US\" \/><input type=\"hidden\" name=\"_wpcf7_unit_tag\" value=\"wpcf7-f3196-o1\" \/><input type=\"hidden\" name=\"_wpcf7_container_post\" value=\"0\" \/><input type=\"hidden\" name=\"_wpcf7_posted_data_hash\" value=\"\" \/>\n<\/fieldset>\n<label> Imi\u0119\n    <span class=\"wpcf7-form-control-wrap\" data-name=\"your-name\"><input size=\"40\" maxlength=\"400\" class=\"wpcf7-form-control wpcf7-text wpcf7-validates-as-required\" autocomplete=\"name\" aria-required=\"true\" aria-invalid=\"false\" value=\"\" type=\"text\" name=\"your-name\" \/><\/span> <\/label>\n\n<label> Email\n    <span class=\"wpcf7-form-control-wrap\" data-name=\"your-email\"><input size=\"40\" maxlength=\"400\" class=\"wpcf7-form-control wpcf7-email wpcf7-validates-as-required wpcf7-text wpcf7-validates-as-email\" autocomplete=\"email\" aria-required=\"true\" aria-invalid=\"false\" value=\"\" type=\"email\" name=\"your-email\" \/><\/span> <\/label>\n\n<label> Temat\n    <span class=\"wpcf7-form-control-wrap\" data-name=\"your-subject\"><input size=\"40\" maxlength=\"400\" class=\"wpcf7-form-control wpcf7-text wpcf7-validates-as-required\" aria-required=\"true\" aria-invalid=\"false\" value=\"\" type=\"text\" name=\"your-subject\" \/><\/span> <\/label>\n\n<label> Twoja wiadomo\u015b\u0107\n    <span class=\"wpcf7-form-control-wrap\" data-name=\"your-message\"><textarea cols=\"40\" rows=\"10\" maxlength=\"2000\" class=\"wpcf7-form-control wpcf7-textarea\" aria-invalid=\"false\" name=\"your-message\"><\/textarea><\/span> <\/label>\n\n<span class=\"wpcf7-form-control-wrap\" data-name=\"file-958\"><input size=\"40\" class=\"wpcf7-form-control wpcf7-file\" accept=\"audio\/*,video\/*,image\/*\" aria-invalid=\"false\" type=\"file\" name=\"file-958\" \/><\/span>\n\n\n\n<input class=\"wpcf7-form-control wpcf7-submit has-spinner\" type=\"submit\" value=\"Submit\" \/><p style=\"display: none !important;\" class=\"akismet-fields-container\" data-prefix=\"_wpcf7_ak_\"><label>&#916;<textarea name=\"_wpcf7_ak_hp_textarea\" cols=\"45\" rows=\"8\" maxlength=\"100\"><\/textarea><\/label><input type=\"hidden\" id=\"ak_js_1\" name=\"_wpcf7_ak_js\" value=\"29\"\/><script>\ndocument.getElementById( \"ak_js_1\" ).setAttribute( \"value\", ( new Date() ).getTime() );\n<\/script>\n<\/p><div class=\"wpcf7-response-output\" aria-hidden=\"true\"><\/div>\n<\/form>\n<\/div>\n<\/div>\n<\/div>\n<\/div>\n<\/div>\n\n\n\n<div style=\"height:10px\" aria-hidden=\"true\" class=\"wp-block-spacer\"><\/div>\n\n\n\n<div class=\"wp-block-group alignfull has-gray-4-background-color has-background has-global-padding is-layout-constrained wp-block-group-is-layout-constrained\" style=\"padding-top:5rem;padding-bottom:5rem\">\n<div class=\"wp-block-group has-global-padding is-layout-constrained wp-block-group-is-layout-constrained\">\n<div class=\"wp-block-columns are-vertically-aligned-center is-layout-flex wp-container-core-columns-is-layout-28f84493 wp-block-columns-is-layout-flex\">\n<div class=\"wp-block-column is-vertically-aligned-center is-layout-flow wp-block-column-is-layout-flow\" style=\"padding-right:var(--wp--preset--spacing--70);padding-left:0;flex-basis:75%\">\n<h2 class=\"wp-block-heading\">NASZA FILOZOFIA<\/h2>\n\n\n\n<p>Od pocz\u0105tku stawiamy na jako\u015b\u0107 i uczciwe podej\u015bcie. Tworzymy z naturalnego drewna i nowoczesnych p\u0142yt \u2013 zawsze \u015bwiadomie i z dba\u0142o\u015bci\u0105 o ka\u017cdy detal.<\/p>\n<\/div>\n\n\n\n<div class=\"wp-block-column is-vertically-aligned-center is-layout-flow wp-block-column-is-layout-flow\" style=\"flex-basis:25%\">\n<div class=\"wp-block-group is-vertical is-layout-flex wp-container-core-group-is-layout-203a1e5a wp-block-group-is-layout-flex\" style=\"min-height:100%;padding-top:0\">\n<div class=\"wp-block-buttons has-custom-font-size has-base-font-size is-horizontal is-content-justification-center is-layout-flex wp-container-core-buttons-is-layout-6bd4d9d1 wp-block-buttons-is-layout-flex\">\n<div class=\"wp-block-button is-style-outline is-style-outline--1\"><a class=\"wp-block-button__link wp-element-button\" href=\"https:\/\/meble.zetbeer.pl\/index.php\/filozofia\/\">DOWIEDZ SI\u0118 WI\u0118CEJ<\/a><\/div>\n<\/div>\n<\/div>\n<\/div>\n<\/div>\n<\/div>\n<\/div>\n\n\n\n<div class=\"wp-block-group has-global-padding is-layout-constrained wp-container-core-group-is-layout-00336057 wp-block-group-is-layout-constrained\" style=\"padding-right:0px;padding-left:0px\"><\/div>\n","protected":false},"excerpt":{"rendered":"<p>skontaktuj si\u0119 z nami! Dzi\u0119kujemy za zainteresowanie naszymi us\u0142ugami!Je\u015bli masz pytania lub chcesz um\u00f3wi\u0107 si\u0119 na realizacj\u0119, skontaktuj si\u0119 z nami bez wahania.Nasz zesp\u00f3\u0142 jest gotowy, by zapewni\u0107 Ci najwy\u017cszy poziom obs\u0142ugi i wsparcia, a tak\u017ce wsp\u00f3\u0142pracowa\u0107 z Tob\u0105, by Tw\u00f3j projekt zako\u0144czy\u0142 si\u0119 sukcesem. NASZA FILOZOFIA Od pocz\u0105tku stawiamy na jako\u015b\u0107 i uczciwe podej\u015bcie. [&hellip;]<\/p>\n","protected":false},"author":1,"featured_media":0,"parent":0,"menu_order":0,"comment_status":"closed","ping_status":"closed","template":"","meta":{"_custom_body_classes":"","wd_custom_header_options":"","wd_sticky_header":false,"wd_transparent_header":false,"wd_header_cap":false,"footnotes":""},"class_list":["post-338","page","type-page","status-publish","hentry"],"_links":{"self":[{"href":"https:\/\/meble.zetbeer.pl\/index.php\/wp-json\/wp\/v2\/pages\/338","targetHints":{"allow":["GET"]}}],"collection":[{"href":"https:\/\/meble.zetbeer.pl\/index.php\/wp-json\/wp\/v2\/pages"}],"about":[{"href":"https:\/\/meble.zetbeer.pl\/index.php\/wp-json\/wp\/v2\/types\/page"}],"author":[{"embeddable":true,"href":"https:\/\/meble.zetbeer.pl\/index.php\/wp-json\/wp\/v2\/users\/1"}],"replies":[{"embeddable":true,"href":"https:\/\/meble.zetbeer.pl\/index.php\/wp-json\/wp\/v2\/comments?post=338"}],"version-history":[{"count":8,"href":"https:\/\/meble.zetbeer.pl\/index.php\/wp-json\/wp\/v2\/pages\/338\/revisions"}],"predecessor-version":[{"id":3488,"href":"https:\/\/meble.zetbeer.pl\/index.php\/wp-json\/wp\/v2\/pages\/338\/revisions\/3488"}],"wp:attachment":[{"href":"https:\/\/meble.zetbeer.pl\/index.php\/wp-json\/wp\/v2\/media?parent=338"}],"curies":[{"name":"wp","href":"https:\/\/api.w.org\/{rel}","templated":true}]}}